{"id":25,"date":"2023-11-05T08:15:47","date_gmt":"2023-11-05T08:15:47","guid":{"rendered":"https:\/\/wp.webtend.net\/noxfolio\/?page_id=25"},"modified":"2025-11-25T11:18:17","modified_gmt":"2025-11-25T11:18:17","slug":"rreth-nesh","status":"publish","type":"page","link":"https:\/\/culturalb.com\/sq\/rreth-nesh\/","title":{"rendered":"About"},"content":{"rendered":"\t\t<div data-elementor-type=\"wp-page\" data-elementor-id=\"25\" class=\"elementor elementor-25\">\n\t\t\t\t<div class=\"elementor-element elementor-element-a41a0af e-flex e-con-boxed e-con e-parent\" data-id=\"a41a0af\" data-element_type=\"container\">\n\t\t\t\t\t<div class=\"e-con-inner\">\n\t\t<div class=\"elementor-element elementor-element-ed1132d e-flex e-con-boxed e-con e-child\" data-id=\"ed1132d\" data-element_type=\"container\">\n\t\t\t\t\t<div class=\"e-con-inner\">\n\t\t\t\t<div class=\"elementor-element elementor-element-b55bafe elementor-widget elementor-widget-text-editor\" data-id=\"b55bafe\" data-element_type=\"widget\" data-widget_type=\"text-editor.default\">\n\t\t\t\t\t\t\t\t\t<p style=\"text-align: center\">\u201cCulturalb\u201d \u00ebsht\u00eb iniciativa zyrtare e qeveris\u00eb shqiptare q\u00eb sjell kultur\u00ebn shqiptare n\u00eb sken\u00ebn nd\u00ebrkomb\u00ebtare. P\u00ebrmes nj\u00eb kalendari t\u00eb gjall\u00eb ekspozitash, performancash, diskutimesh dhe ngjarjesh kulturore n\u00eb qytete anemban\u00eb bot\u00ebs, \u201cCulturalb\u201d mb\u00ebshtet artist\u00ebt shqiptar\u00eb \u2014 si ata t\u00eb afirmuar ashtu edhe ata n\u00eb zhvillim \u2014 p\u00ebr t\u00eb prezantuar pun\u00ebn e tyre nd\u00ebrkomb\u00ebtarisht dhe ndihmon komunitetet e diaspor\u00ebs shqiptare t\u00eb lidhen m\u00eb ngusht\u00eb me rr\u00ebnj\u00ebt e tyre kulturore. Iniciativa synon ta b\u00ebj\u00eb trash\u00ebgimin\u00eb dhe krijimtarin\u00eb bashk\u00ebkohore shqiptare pjes\u00eb t\u00eb dialogut kulturor global. Me \u201cCulturalb\u201d, arti dhe kultura shqiptare udh\u00ebtojn\u00eb, lidhen dhe nd\u00ebrveprojn\u00eb \u2014 duke thyer \u00e7do kufi.<\/p>\t\t\t\t\t\t\t\t<\/div>\n\t\t\t\t\t<\/div>\n\t\t\t\t<\/div>\n\t\t\t\t\t<\/div>\n\t\t\t\t<\/div>\n\t\t\t\t<\/div>\n\t\t","protected":false},"excerpt":{"rendered":"<p>\u201cCulturalb\u201d \u00ebsht\u00eb iniciativa zyrtare e qeveris\u00eb shqiptare q\u00eb sjell kultur\u00ebn shqiptare n\u00eb sken\u00ebn nd\u00ebrkomb\u00ebtare. P\u00ebrmes nj\u00eb kalendari t\u00eb gjall\u00eb ekspozitash, performancash, diskutimesh dhe ngjarjesh kulturore n\u00eb qytete anemban\u00eb bot\u00ebs, \u201cCulturalb\u201d mb\u00ebshtet artist\u00ebt shqiptar\u00eb \u2014 si ata t\u00eb afirmuar ashtu edhe ata n\u00eb zhvillim \u2014 p\u00ebr t\u00eb prezantuar pun\u00ebn e tyre nd\u00ebrkomb\u00ebtarisht dhe ndihmon komunitetet e [&hellip;]<\/p>\n","protected":false},"author":1,"featured_media":0,"parent":0,"menu_order":0,"comment_status":"closed","ping_status":"closed","template":"","meta":{"inline_featured_image":false,"footnotes":""},"class_list":["post-25","page","type-page","status-publish","hentry"],"_hostinger_reach_plugin_has_subscription_block":false,"_hostinger_reach_plugin_is_elementor":false,"_links":{"self":[{"href":"https:\/\/culturalb.com\/sq\/wp-json\/wp\/v2\/pages\/25","targetHints":{"allow":["GET"]}}],"collection":[{"href":"https:\/\/culturalb.com\/sq\/wp-json\/wp\/v2\/pages"}],"about":[{"href":"https:\/\/culturalb.com\/sq\/wp-json\/wp\/v2\/types\/page"}],"author":[{"embeddable":true,"href":"https:\/\/culturalb.com\/sq\/wp-json\/wp\/v2\/users\/1"}],"replies":[{"embeddable":true,"href":"https:\/\/culturalb.com\/sq\/wp-json\/wp\/v2\/comments?post=25"}],"version-history":[{"count":15,"href":"https:\/\/culturalb.com\/sq\/wp-json\/wp\/v2\/pages\/25\/revisions"}],"predecessor-version":[{"id":8721,"href":"https:\/\/culturalb.com\/sq\/wp-json\/wp\/v2\/pages\/25\/revisions\/8721"}],"wp:attachment":[{"href":"https:\/\/culturalb.com\/sq\/wp-json\/wp\/v2\/media?parent=25"}],"curies":[{"name":"wp","href":"https:\/\/api.w.org\/{rel}","templated":true}]}}