{"id":35,"date":"2023-11-05T08:21:40","date_gmt":"2023-11-05T08:21:40","guid":{"rendered":"https:\/\/wp.webtend.net\/noxfolio\/?page_id=35"},"modified":"2025-11-20T21:50:03","modified_gmt":"2025-11-20T21:50:03","slug":"home-2","status":"publish","type":"page","link":"https:\/\/culturalb.com\/sq\/","title":{"rendered":"Home"},"content":{"rendered":"\t\t<div data-elementor-type=\"wp-page\" data-elementor-id=\"35\" class=\"elementor elementor-35\">\n\t\t\t\t<div class=\"elementor-element elementor-element-d70b88e e-flex e-con-boxed e-con e-parent\" data-id=\"d70b88e\" data-element_type=\"container\">\n\t\t\t\t\t<div class=\"e-con-inner\">\n\t\t<div class=\"elementor-element elementor-element-72f73ca e-flex e-con-boxed e-con e-child\" data-id=\"72f73ca\" data-element_type=\"container\">\n\t\t\t\t\t<div class=\"e-con-inner\">\n\t\t<div class=\"elementor-element elementor-element-4a3171e e-con-full e-flex e-con e-child\" data-id=\"4a3171e\" data-element_type=\"container\">\n\t\t\t\t<div class=\"elementor-element elementor-element-3a5e2b3 elementor-widget elementor-widget-video\" data-id=\"3a5e2b3\" data-element_type=\"widget\" data-settings=\"{&quot;video_type&quot;:&quot;hosted&quot;,&quot;autoplay&quot;:&quot;yes&quot;,&quot;mute&quot;:&quot;yes&quot;,&quot;controls&quot;:&quot;yes&quot;}\" data-widget_type=\"video.default\">\n\t\t\t\t\t\t\t<div class=\"e-hosted-video elementor-wrapper elementor-open-inline\">\n\t\t\t\t\t<video class=\"elementor-video\" src=\"https:\/\/culturalb.com\/wp-content\/uploads\/2025\/09\/Culturalb-Landscape-2mbps-WEB.mp4\" autoplay=\"\" controls=\"\" muted=\"muted\" controlsList=\"nodownload\" poster=\"https:\/\/springgreen-dinosaur-413881.hostingersite.com\/wp-content\/uploads\/2025\/09\/video-poster.jpg\"><\/video>\n\t\t\t\t<\/div>\n\t\t\t\t\t\t<\/div>\n\t\t\t\t<div class=\"elementor-element elementor-element-057a54b elementor-widget__width-initial elementor-widget elementor-widget-text-editor\" data-id=\"057a54b\" data-element_type=\"widget\" data-widget_type=\"text-editor.default\">\n\t\t\t\t\t\t\t\t\t<p>\u201cCulturalb\u201d \u00ebsht\u00eb iniciativa zyrtare e qeveris\u00eb shqiptare q\u00eb sjell kultur\u00ebn shqiptare n\u00eb sken\u00ebn nd\u00ebrkomb\u00ebtare. P\u00ebrmes nj\u00eb kalendari t\u00eb gjall\u00eb ekspozitash, performancash, diskutimesh dhe ngjarjesh kulturore n\u00eb qytete anemban\u00eb bot\u00ebs, \u201cCulturalb\u201d mb\u00ebshtet artist\u00ebt shqiptar\u00eb \u2014 si ata t\u00eb afirmuar ashtu edhe ata n\u00eb zhvillim \u2014 p\u00ebr t\u00eb prezantuar pun\u00ebn e tyre nd\u00ebrkomb\u00ebtarisht dhe ndihmon komunitetet e diaspor\u00ebs shqiptare t\u00eb lidhen m\u00eb ngusht\u00eb me rr\u00ebnj\u00ebt e tyre kulturore. Iniciativa synon ta b\u00ebj\u00eb trash\u00ebgimin\u00eb dhe krijimtarin\u00eb bashk\u00ebkohore shqiptare pjes\u00eb t\u00eb dialogut kulturor global. Me \u201cCulturalb\u201d, arti dhe kultura shqiptare udh\u00ebtojn\u00eb, lidhen dhe nd\u00ebrveprojn\u00eb \u2014 duke thyer \u00e7do kufi.<\/p>\t\t\t\t\t\t\t\t<\/div>\n\t\t\t\t<\/div>\n\t\t<div class=\"elementor-element elementor-element-3b9ac45 e-con-full e-flex e-con e-child\" data-id=\"3b9ac45\" data-element_type=\"container\">\n\t\t\t\t<div class=\"elementor-element elementor-element-1537123 elementor-widget elementor-widget-heading\" data-id=\"1537123\" data-element_type=\"widget\" data-widget_type=\"heading.default\">\n\t\t\t\t\t<h3 class=\"elementor-heading-title elementor-size-default\">Programet e Fundit<\/h3>\t\t\t\t<\/div>\n\t\t\t\t<div class=\"elementor-element elementor-element-330bb52 elementor-invisible elementor-widget elementor-widget-noxfolio-portfolio\" data-id=\"330bb52\" data-element_type=\"widget\" data-settings=\"{&quot;_animation&quot;:&quot;fadeInUp&quot;}\" data-widget_type=\"noxfolio-portfolio.default\">\n\t\t\t\t<div class=\"elementor-widget-container\">\n\t\t\t\t\t        <div class=\"noxfolio-portfolio-items design-one\">\r\n\t\t\t        <div class=\"portfolio-item\">\r\n            <div href=\"\" class=\"thumbnail\">\r\n                <img fetchpriority=\"high\" decoding=\"async\" width=\"1276\" height=\"1594\" src=\"https:\/\/culturalb.com\/sq\/wp-content\/uploads\/sites\/2\/2025\/12\/WhatsApp-Image-2025-12-12-at-10.30.39-2.jpeg\" class=\"attachment-full size-full wp-post-image\" alt=\"\" srcset=\"https:\/\/culturalb.com\/sq\/wp-content\/uploads\/sites\/2\/2025\/12\/WhatsApp-Image-2025-12-12-at-10.30.39-2.jpeg 1276w, https:\/\/culturalb.com\/sq\/wp-content\/uploads\/sites\/2\/2025\/12\/WhatsApp-Image-2025-12-12-at-10.30.39-2-240x300.jpeg 240w, https:\/\/culturalb.com\/sq\/wp-content\/uploads\/sites\/2\/2025\/12\/WhatsApp-Image-2025-12-12-at-10.30.39-2-820x1024.jpeg 820w, https:\/\/culturalb.com\/sq\/wp-content\/uploads\/sites\/2\/2025\/12\/WhatsApp-Image-2025-12-12-at-10.30.39-2-768x959.jpeg 768w, https:\/\/culturalb.com\/sq\/wp-content\/uploads\/sites\/2\/2025\/12\/WhatsApp-Image-2025-12-12-at-10.30.39-2-1230x1536.jpeg 1230w\" sizes=\"(max-width: 1276px) 100vw, 1276px\" \/><a href=\"https:\/\/culturalb.com\/sq\/programi\/shame-and-money-nga-visar-morina\/\" class=\"arrow-link\"><i class=\"far fa-arrow-right\"><\/i><\/a>            <\/div>\r\n            <div class=\"content\">\r\n\t\t\t\t<div class=\"categories\"><a href=\"https:\/\/culturalb.com\/sq\/programi-category\/news\/\" rel=\"tag\">News<\/a><span>,<\/span><a href=\"https:\/\/culturalb.com\/sq\/programi-category\/supported-by-culturalb\/\" rel=\"tag\">Supported by Culturalb<\/a><\/div><h3 class=\"title\"><a href=\"https:\/\/culturalb.com\/sq\/programi\/shame-and-money-nga-visar-morina\/\">\u201cShame and Money\u201d nga Visar Morina<\/a><\/h3>\t\t\t<\/div>\r\n        <\/div>\r\n                <div class=\"portfolio-item\">\r\n            <div href=\"\" class=\"thumbnail\">\r\n                <img decoding=\"async\" width=\"1440\" height=\"1796\" src=\"https:\/\/culturalb.com\/sq\/wp-content\/uploads\/sites\/2\/2025\/11\/584184710_17875771968442226_8241837035142334781_n.jpg\" class=\"attachment-full size-full wp-post-image\" alt=\"\" srcset=\"https:\/\/culturalb.com\/sq\/wp-content\/uploads\/sites\/2\/2025\/11\/584184710_17875771968442226_8241837035142334781_n.jpg 1440w, https:\/\/culturalb.com\/sq\/wp-content\/uploads\/sites\/2\/2025\/11\/584184710_17875771968442226_8241837035142334781_n-241x300.jpg 241w, https:\/\/culturalb.com\/sq\/wp-content\/uploads\/sites\/2\/2025\/11\/584184710_17875771968442226_8241837035142334781_n-821x1024.jpg 821w, https:\/\/culturalb.com\/sq\/wp-content\/uploads\/sites\/2\/2025\/11\/584184710_17875771968442226_8241837035142334781_n-768x958.jpg 768w, https:\/\/culturalb.com\/sq\/wp-content\/uploads\/sites\/2\/2025\/11\/584184710_17875771968442226_8241837035142334781_n-1232x1536.jpg 1232w\" sizes=\"(max-width: 1440px) 100vw, 1440px\" \/><a href=\"https:\/\/culturalb.com\/sq\/programi\/sead-kazanxhiu-finalist-i-cmimit-nderkombetar-tajsa-roma-cultural-heritage-prize-2025\/\" class=\"arrow-link\"><i class=\"far fa-arrow-right\"><\/i><\/a>            <\/div>\r\n            <div class=\"content\">\r\n\t\t\t\t<div class=\"categories\"><a href=\"https:\/\/culturalb.com\/sq\/programi-category\/news\/\" rel=\"tag\">News<\/a><\/div><h3 class=\"title\"><a href=\"https:\/\/culturalb.com\/sq\/programi\/sead-kazanxhiu-finalist-i-cmimit-nderkombetar-tajsa-roma-cultural-heritage-prize-2025\/\">Sead Kazanxhiu &#8211; Finalist i \u00c7mimit Nd\u00ebrkomb\u00ebtar \u201cTajsa Roma Cultural...<\/a><\/h3>\t\t\t<\/div>\r\n        <\/div>\r\n                <div class=\"portfolio-item\">\r\n            <div href=\"\" class=\"thumbnail\">\r\n                <img decoding=\"async\" width=\"1440\" height=\"960\" src=\"https:\/\/culturalb.com\/sq\/wp-content\/uploads\/sites\/2\/2025\/11\/581382441_17875613853442226_6507924139660038601_n.jpg\" class=\"attachment-full size-full wp-post-image\" alt=\"\" srcset=\"https:\/\/culturalb.com\/sq\/wp-content\/uploads\/sites\/2\/2025\/11\/581382441_17875613853442226_6507924139660038601_n.jpg 1440w, https:\/\/culturalb.com\/sq\/wp-content\/uploads\/sites\/2\/2025\/11\/581382441_17875613853442226_6507924139660038601_n-300x200.jpg 300w, https:\/\/culturalb.com\/sq\/wp-content\/uploads\/sites\/2\/2025\/11\/581382441_17875613853442226_6507924139660038601_n-1024x683.jpg 1024w, https:\/\/culturalb.com\/sq\/wp-content\/uploads\/sites\/2\/2025\/11\/581382441_17875613853442226_6507924139660038601_n-768x512.jpg 768w\" sizes=\"(max-width: 1440px) 100vw, 1440px\" \/><a href=\"https:\/\/culturalb.com\/sq\/programi\/nje-za-nje-shpirt\/\" class=\"arrow-link\"><i class=\"far fa-arrow-right\"><\/i><\/a>            <\/div>\r\n            <div class=\"content\">\r\n\t\t\t\t<div class=\"categories\"><a href=\"https:\/\/culturalb.com\/sq\/programi-category\/event-coverage\/\" rel=\"tag\">Event Coverage<\/a><span>,<\/span><a href=\"https:\/\/culturalb.com\/sq\/programi-category\/supported-by-culturalb\/\" rel=\"tag\">Supported by Culturalb<\/a><\/div><h3 class=\"title\"><a href=\"https:\/\/culturalb.com\/sq\/programi\/nje-za-nje-shpirt\/\">\u201cNj\u00eb za, nj\u00eb shpirt\u201d<\/a><\/h3>\t\t\t<\/div>\r\n        <\/div>\r\n                <div class=\"portfolio-item\">\r\n            <div href=\"\" class=\"thumbnail\">\r\n                <img loading=\"lazy\" decoding=\"async\" width=\"1440\" height=\"1796\" src=\"https:\/\/culturalb.com\/sq\/wp-content\/uploads\/sites\/2\/2025\/11\/582131229_17875477515442226_2572219541350834361_n.jpg\" class=\"attachment-full size-full wp-post-image\" alt=\"\" srcset=\"https:\/\/culturalb.com\/sq\/wp-content\/uploads\/sites\/2\/2025\/11\/582131229_17875477515442226_2572219541350834361_n.jpg 1440w, https:\/\/culturalb.com\/sq\/wp-content\/uploads\/sites\/2\/2025\/11\/582131229_17875477515442226_2572219541350834361_n-241x300.jpg 241w, https:\/\/culturalb.com\/sq\/wp-content\/uploads\/sites\/2\/2025\/11\/582131229_17875477515442226_2572219541350834361_n-821x1024.jpg 821w, https:\/\/culturalb.com\/sq\/wp-content\/uploads\/sites\/2\/2025\/11\/582131229_17875477515442226_2572219541350834361_n-768x958.jpg 768w, https:\/\/culturalb.com\/sq\/wp-content\/uploads\/sites\/2\/2025\/11\/582131229_17875477515442226_2572219541350834361_n-1232x1536.jpg 1232w\" sizes=\"(max-width: 1440px) 100vw, 1440px\" \/><a href=\"https:\/\/culturalb.com\/sq\/programi\/fanoliada-nje-udhetim-poetik-dhe-muzikor\/\" class=\"arrow-link\"><i class=\"far fa-arrow-right\"><\/i><\/a>            <\/div>\r\n            <div class=\"content\">\r\n\t\t\t\t<div class=\"categories\"><a href=\"https:\/\/culturalb.com\/sq\/programi-category\/supported-by-culturalb\/\" rel=\"tag\">Supported by Culturalb<\/a><\/div><h3 class=\"title\"><a href=\"https:\/\/culturalb.com\/sq\/programi\/fanoliada-nje-udhetim-poetik-dhe-muzikor\/\">FANOLIADA &#8211; Nj\u00eb Udh\u00ebtim Poetik dhe Muzikor<\/a><\/h3>\t\t\t<\/div>\r\n        <\/div>\r\n                <div class=\"portfolio-item\">\r\n            <div href=\"\" class=\"thumbnail\">\r\n                <img loading=\"lazy\" decoding=\"async\" width=\"1440\" height=\"1796\" src=\"https:\/\/culturalb.com\/sq\/wp-content\/uploads\/sites\/2\/2025\/11\/576468708_17875137174442226_7160593290374728409_n.jpg\" class=\"attachment-full size-full wp-post-image\" alt=\"\" srcset=\"https:\/\/culturalb.com\/sq\/wp-content\/uploads\/sites\/2\/2025\/11\/576468708_17875137174442226_7160593290374728409_n.jpg 1440w, https:\/\/culturalb.com\/sq\/wp-content\/uploads\/sites\/2\/2025\/11\/576468708_17875137174442226_7160593290374728409_n-241x300.jpg 241w, https:\/\/culturalb.com\/sq\/wp-content\/uploads\/sites\/2\/2025\/11\/576468708_17875137174442226_7160593290374728409_n-821x1024.jpg 821w, https:\/\/culturalb.com\/sq\/wp-content\/uploads\/sites\/2\/2025\/11\/576468708_17875137174442226_7160593290374728409_n-768x958.jpg 768w, https:\/\/culturalb.com\/sq\/wp-content\/uploads\/sites\/2\/2025\/11\/576468708_17875137174442226_7160593290374728409_n-1232x1536.jpg 1232w\" sizes=\"(max-width: 1440px) 100vw, 1440px\" \/><a href=\"https:\/\/culturalb.com\/sq\/programi\/ditet-e-filmit-shqiptar\/\" class=\"arrow-link\"><i class=\"far fa-arrow-right\"><\/i><\/a>            <\/div>\r\n            <div class=\"content\">\r\n\t\t\t\t<div class=\"categories\"><a href=\"https:\/\/culturalb.com\/sq\/programi-category\/supported-by-culturalb\/\" rel=\"tag\">Supported by Culturalb<\/a><\/div><h3 class=\"title\"><a href=\"https:\/\/culturalb.com\/sq\/programi\/ditet-e-filmit-shqiptar\/\">Dit\u00ebt e Filmit Shqiptar<\/a><\/h3>\t\t\t<\/div>\r\n        <\/div>\r\n                <div class=\"portfolio-item\">\r\n            <div href=\"\" class=\"thumbnail\">\r\n                <img loading=\"lazy\" decoding=\"async\" width=\"1440\" height=\"1796\" src=\"https:\/\/culturalb.com\/sq\/wp-content\/uploads\/sites\/2\/2025\/11\/580527968_17874942966442226_4732816863997007233_n.jpg\" class=\"attachment-full size-full wp-post-image\" alt=\"\" srcset=\"https:\/\/culturalb.com\/sq\/wp-content\/uploads\/sites\/2\/2025\/11\/580527968_17874942966442226_4732816863997007233_n.jpg 1440w, https:\/\/culturalb.com\/sq\/wp-content\/uploads\/sites\/2\/2025\/11\/580527968_17874942966442226_4732816863997007233_n-241x300.jpg 241w, https:\/\/culturalb.com\/sq\/wp-content\/uploads\/sites\/2\/2025\/11\/580527968_17874942966442226_4732816863997007233_n-821x1024.jpg 821w, https:\/\/culturalb.com\/sq\/wp-content\/uploads\/sites\/2\/2025\/11\/580527968_17874942966442226_4732816863997007233_n-768x958.jpg 768w, https:\/\/culturalb.com\/sq\/wp-content\/uploads\/sites\/2\/2025\/11\/580527968_17874942966442226_4732816863997007233_n-1232x1536.jpg 1232w\" sizes=\"(max-width: 1440px) 100vw, 1440px\" \/><a href=\"https:\/\/culturalb.com\/sq\/programi\/ekspozita-e-koleksionistit-shqiptar-panajotis-koliomihalis\/\" class=\"arrow-link\"><i class=\"far fa-arrow-right\"><\/i><\/a>            <\/div>\r\n            <div class=\"content\">\r\n\t\t\t\t<div class=\"categories\"><a href=\"https:\/\/culturalb.com\/sq\/programi-category\/supported-by-culturalb\/\" rel=\"tag\">Supported by Culturalb<\/a><\/div><h3 class=\"title\"><a href=\"https:\/\/culturalb.com\/sq\/programi\/ekspozita-e-koleksionistit-shqiptar-panajotis-koliomihalis\/\">Ekspozita e Koleksionistit Shqiptar &#8211; Panajotis Koliomihalis<\/a><\/h3>\t\t\t<\/div>\r\n        <\/div>\r\n                <div class=\"portfolio-item\">\r\n            <div href=\"\" class=\"thumbnail\">\r\n                <img loading=\"lazy\" decoding=\"async\" width=\"720\" height=\"900\" src=\"https:\/\/culturalb.com\/sq\/wp-content\/uploads\/sites\/2\/2025\/11\/574727263_17874732570442226_4100909206552804161_n.jpg\" class=\"attachment-full size-full wp-post-image\" alt=\"\" srcset=\"https:\/\/culturalb.com\/sq\/wp-content\/uploads\/sites\/2\/2025\/11\/574727263_17874732570442226_4100909206552804161_n.jpg 720w, https:\/\/culturalb.com\/sq\/wp-content\/uploads\/sites\/2\/2025\/11\/574727263_17874732570442226_4100909206552804161_n-240x300.jpg 240w\" sizes=\"(max-width: 720px) 100vw, 720px\" \/><a href=\"https:\/\/culturalb.com\/sq\/programi\/nentori-muaji-i-festave-dhe-i-identitetit-kombetar\/\" class=\"arrow-link\"><i class=\"far fa-arrow-right\"><\/i><\/a>            <\/div>\r\n            <div class=\"content\">\r\n\t\t\t\t<div class=\"categories\"><a href=\"https:\/\/culturalb.com\/sq\/programi-category\/supported-by-culturalb\/\" rel=\"tag\">Supported by Culturalb<\/a><\/div><h3 class=\"title\"><a href=\"https:\/\/culturalb.com\/sq\/programi\/nentori-muaji-i-festave-dhe-i-identitetit-kombetar\/\">N\u00ebntori, muaji i festave dhe i identitetit komb\u00ebtar<\/a><\/h3>\t\t\t<\/div>\r\n        <\/div>\r\n                <div class=\"portfolio-item\">\r\n            <div href=\"\" class=\"thumbnail\">\r\n                <img loading=\"lazy\" decoding=\"async\" width=\"1440\" height=\"1800\" src=\"https:\/\/culturalb.com\/sq\/wp-content\/uploads\/sites\/2\/2025\/11\/573639311_17926693101148351_239531512928559524_n.jpg\" class=\"attachment-full size-full wp-post-image\" alt=\"\" srcset=\"https:\/\/culturalb.com\/sq\/wp-content\/uploads\/sites\/2\/2025\/11\/573639311_17926693101148351_239531512928559524_n.jpg 1440w, https:\/\/culturalb.com\/sq\/wp-content\/uploads\/sites\/2\/2025\/11\/573639311_17926693101148351_239531512928559524_n-240x300.jpg 240w, https:\/\/culturalb.com\/sq\/wp-content\/uploads\/sites\/2\/2025\/11\/573639311_17926693101148351_239531512928559524_n-819x1024.jpg 819w, https:\/\/culturalb.com\/sq\/wp-content\/uploads\/sites\/2\/2025\/11\/573639311_17926693101148351_239531512928559524_n-768x960.jpg 768w, https:\/\/culturalb.com\/sq\/wp-content\/uploads\/sites\/2\/2025\/11\/573639311_17926693101148351_239531512928559524_n-1229x1536.jpg 1229w\" sizes=\"(max-width: 1440px) 100vw, 1440px\" \/><a href=\"https:\/\/culturalb.com\/sq\/programi\/genti-korini-ne-bienalen-e-61-te-te-artit-ne-venecia\/\" class=\"arrow-link\"><i class=\"far fa-arrow-right\"><\/i><\/a>            <\/div>\r\n            <div class=\"content\">\r\n\t\t\t\t<div class=\"categories\"><a href=\"https:\/\/culturalb.com\/sq\/programi-category\/artist-in-focus\/\" rel=\"tag\">Artist in Focus<\/a><span>,<\/span><a href=\"https:\/\/culturalb.com\/sq\/programi-category\/supported-by-culturalb\/\" rel=\"tag\">Supported by Culturalb<\/a><\/div><h3 class=\"title\"><a href=\"https:\/\/culturalb.com\/sq\/programi\/genti-korini-ne-bienalen-e-61-te-te-artit-ne-venecia\/\">Genti Korini n\u00eb Bienalen e 61-t\u00eb t\u00eb Artit n\u00eb Venecia<\/a><\/h3>\t\t\t<\/div>\r\n        <\/div>\r\n                <div class=\"portfolio-item\">\r\n            <div href=\"\" class=\"thumbnail\">\r\n                <img loading=\"lazy\" decoding=\"async\" width=\"1065\" height=\"710\" src=\"https:\/\/culturalb.com\/sq\/wp-content\/uploads\/sites\/2\/2025\/11\/572380394_17874344772442226_393607117991649070_n.jpg\" class=\"attachment-full size-full wp-post-image\" alt=\"\" srcset=\"https:\/\/culturalb.com\/sq\/wp-content\/uploads\/sites\/2\/2025\/11\/572380394_17874344772442226_393607117991649070_n.jpg 1065w, https:\/\/culturalb.com\/sq\/wp-content\/uploads\/sites\/2\/2025\/11\/572380394_17874344772442226_393607117991649070_n-300x200.jpg 300w, https:\/\/culturalb.com\/sq\/wp-content\/uploads\/sites\/2\/2025\/11\/572380394_17874344772442226_393607117991649070_n-1024x683.jpg 1024w, https:\/\/culturalb.com\/sq\/wp-content\/uploads\/sites\/2\/2025\/11\/572380394_17874344772442226_393607117991649070_n-768x512.jpg 768w\" sizes=\"(max-width: 1065px) 100vw, 1065px\" \/><a href=\"https:\/\/culturalb.com\/sq\/programi\/thuaj-lamtumire-para-se-te-largohesh-hap-dyert-ne-the-beehive\/\" class=\"arrow-link\"><i class=\"far fa-arrow-right\"><\/i><\/a>            <\/div>\r\n            <div class=\"content\">\r\n\t\t\t\t<div class=\"categories\"><a href=\"https:\/\/culturalb.com\/sq\/programi-category\/event-coverage\/\" rel=\"tag\">Event Coverage<\/a><span>,<\/span><a href=\"https:\/\/culturalb.com\/sq\/programi-category\/supported-by-culturalb\/\" rel=\"tag\">Supported by Culturalb<\/a><\/div><h3 class=\"title\"><a href=\"https:\/\/culturalb.com\/sq\/programi\/thuaj-lamtumire-para-se-te-largohesh-hap-dyert-ne-the-beehive\/\">\u201cThuaj lamtumir\u00eb para se t\u00eb largohesh\u201d hap dyert n\u00eb The...<\/a><\/h3>\t\t\t<\/div>\r\n        <\/div>\r\n        \t\t<\/div>\r\n        \t\t\t\t<\/div>\n\t\t\t\t<\/div>\n\t\t\t\t<\/div>\n\t\t\t\t\t<\/div>\n\t\t\t\t<\/div>\n\t\t\t\t\t<\/div>\n\t\t\t\t<\/div>\n\t\t\t\t<\/div>\n\t\t","protected":false},"excerpt":{"rendered":"<p>https:\/\/culturalb.com\/wp-content\/uploads\/2025\/09\/Culturalb-Landscape-2mbps-WEB.mp4 \u201cCulturalb\u201d \u00ebsht\u00eb iniciativa zyrtare e qeveris\u00eb shqiptare q\u00eb sjell kultur\u00ebn shqiptare n\u00eb sken\u00ebn nd\u00ebrkomb\u00ebtare. P\u00ebrmes nj\u00eb kalendari t\u00eb gjall\u00eb ekspozitash, performancash, diskutimesh dhe ngjarjesh kulturore n\u00eb qytete anemban\u00eb bot\u00ebs, \u201cCulturalb\u201d mb\u00ebshtet artist\u00ebt shqiptar\u00eb \u2014 si ata t\u00eb afirmuar ashtu edhe ata n\u00eb zhvillim \u2014 p\u00ebr t\u00eb prezantuar pun\u00ebn e tyre nd\u00ebrkomb\u00ebtarisht dhe ndihmon komunitetet [&hellip;]<\/p>\n","protected":false},"author":1,"featured_media":0,"parent":0,"menu_order":0,"comment_status":"closed","ping_status":"closed","template":"","meta":{"inline_featured_image":false,"footnotes":""},"class_list":["post-35","page","type-page","status-publish","hentry"],"_hostinger_reach_plugin_has_subscription_block":false,"_hostinger_reach_plugin_is_elementor":false,"_links":{"self":[{"href":"https:\/\/culturalb.com\/sq\/wp-json\/wp\/v2\/pages\/35","targetHints":{"allow":["GET"]}}],"collection":[{"href":"https:\/\/culturalb.com\/sq\/wp-json\/wp\/v2\/pages"}],"about":[{"href":"https:\/\/culturalb.com\/sq\/wp-json\/wp\/v2\/types\/page"}],"author":[{"embeddable":true,"href":"https:\/\/culturalb.com\/sq\/wp-json\/wp\/v2\/users\/1"}],"replies":[{"embeddable":true,"href":"https:\/\/culturalb.com\/sq\/wp-json\/wp\/v2\/comments?post=35"}],"version-history":[{"count":9,"href":"https:\/\/culturalb.com\/sq\/wp-json\/wp\/v2\/pages\/35\/revisions"}],"predecessor-version":[{"id":8695,"href":"https:\/\/culturalb.com\/sq\/wp-json\/wp\/v2\/pages\/35\/revisions\/8695"}],"wp:attachment":[{"href":"https:\/\/culturalb.com\/sq\/wp-json\/wp\/v2\/media?parent=35"}],"curies":[{"name":"wp","href":"https:\/\/api.w.org\/{rel}","templated":true}]}}